{"id":2339,"date":"2024-03-28T14:04:33","date_gmt":"2024-03-28T13:04:33","guid":{"rendered":"https:\/\/www.georgium.at\/?page_id=2339"},"modified":"2024-03-28T14:06:17","modified_gmt":"2024-03-28T13:06:17","slug":"stornobedingungen","status":"publish","type":"page","link":"https:\/\/www.georgium.at\/en\/cancellation-conditions\/","title":{"rendered":"Cancellation conditions"},"content":{"rendered":"<section class=\"bde-section-2339-100 bde-section pd_hero\">\n  \n\t\n\n\n\n<div class=\"section-container\"><div class=\"bde-div-2339-101 bde-div pd_page_title\">\n  \n\t\n\n\n\n<h1 class=\"bde-heading-2339-102 bde-heading\">\nCancellation conditions\n<\/h1>\n<\/div><\/div>\n<\/section><section class=\"bde-section-2339-103 bde-section\">\n  \n\t\n\n\n\n<div class=\"section-container\"><h2 class=\"bde-heading-2339-107 bde-heading\">\nThe thing with the cancellation conditions...<br>\n<\/h2><div class=\"bde-text-2339-108 bde-text\">\nOf course, something can always come up - please give us a call and we will certainly find a solution.<br><br>With all due understanding of the respective private situation and possible unexpected reasons for cancellation, we as a company need a minimum level of booking security in order to organise our resources in the best possible way.\n<\/div><div class=\"bde-text-2339-113 bde-text\">\n<b>Our booking conditions: <br><\/b>The General Terms and Conditions for the Hotel Industry (AGBH) normally apply in our hotel:\n<\/div><a class=\"bde-text-link-2339-109 bde-text-link breakdance-link\" href=\"http:\/\/www.hotelverband.at\/down\/AGBH_061115.pdf\" target=\"_blank\" data-type=\"url\">\n  http:\/\/www.hotelverband.at\/down\/AGBH_061115.pdf\n\n<\/a><div class=\"bde-text-2339-110 bde-text\">\n<b>Our current cancellation conditions at the GEORGIUM winery:<\/b>\n<\/div><ul class=\"bde-basic-list-2339-111 bde-basic-list\">\n  <li  >    \n          free of charge up to 1 month before arrival.\n      <\/li>\n  <li  >    \n          1 month to 2 weeks before arrival 50% of the total price\n      <\/li>\n  <li  >    \n          2 weeks to 1 week before arrival 70% of the total price\n      <\/li>\n  <li  >    \n          in the last week before arrival, late arrival and early departure 100% of the<br>Total price.\n      <\/li>\n<\/ul><div class=\"bde-text-2339-112 bde-text\">\nUnfortunately, we cannot assume any risk in the event of illness of the holiday participants. To make the decision to book a holiday easier and to safeguard your personal decision, we recommend that you take out travel insurance. Take a look at <a href=\"https:\/\/www.europaeische.at\/service\/corona-info\" target=\"_blank\">https:\/\/www.europaeische.at\/service\/corona-info<\/a>here you will find extensive insurance options in the event of illness in the family, personal illness and other reasons for cancellation.\n<\/div><\/div>\n<\/section>","protected":false},"excerpt":{"rendered":"<p>Cancellation conditions The matter of cancellation conditions... Of course, something can always come up - please give us a call and we will certainly find a solution... With all understanding of the respective private situation and possible unexpected reasons for cancellation, we as a company need a minimum of booking security in order to organise our resources in the best possible way. Our booking conditions: In our house normally apply [...]<\/p>","protected":false},"author":4,"featured_media":2327,"parent":0,"menu_order":0,"comment_status":"closed","ping_status":"closed","template":"","meta":{"_acf_changed":false,"inline_featured_image":false,"_breakdance_hide_in_design_set":false,"_breakdance_tags":"","footnotes":""},"class_list":["post-2339","page","type-page","status-publish","has-post-thumbnail","hentry"],"acf":[],"yoast_head":"<!-- This site is optimized with the Yoast SEO plugin v22.3 - https:\/\/yoast.com\/wordpress\/plugins\/seo\/ -->\n<title>Stornobedingungen - GEORGIUM<\/title>\n<meta name=\"robots\" content=\"index, follow, max-snippet:-1, max-image-preview:large, max-video-preview:-1\" \/>\n<link rel=\"canonical\" href=\"https:\/\/www.georgium.at\/en\/cancellation-conditions\/\" \/>\n<meta property=\"og:locale\" content=\"en_GB\" \/>\n<meta property=\"og:type\" content=\"article\" \/>\n<meta property=\"og:title\" content=\"Stornobedingungen - GEORGIUM\" \/>\n<meta property=\"og:description\" content=\"Stornobedingungen Die Sache mit den Stornobedingungen\u2026 Nat\u00fcrlich kann immer etwas dazwischen kommen - bitte rufen Sie uns an, und wir finden bestimmt eine L\u00f6sung.Bei allem Verst\u00e4ndnis der jeweiligen privaten Situation und m\u00f6glichen unerwartet auftauchenden\u00a0Stornierungsgr\u00fcnden gegen\u00fcber, brauchen wir als Betrieb ein Mindestma\u00df an Buchungssicherheit,\u00a0um unsere Ressourcen bestm\u00f6glich zu organisieren. Unsere Buchungskonditionen: In unserem Haus gelten normalerweise [&hellip;]\" \/>\n<meta property=\"og:url\" content=\"https:\/\/www.georgium.at\/en\/cancellation-conditions\/\" \/>\n<meta property=\"og:site_name\" content=\"GEORGIUM\" \/>\n<meta property=\"article:modified_time\" content=\"2024-03-28T13:06:17+00:00\" \/>\n<meta property=\"og:image\" content=\"https:\/\/www.georgium.at\/media\/website.webp\" \/>\n\t<meta property=\"og:image:width\" content=\"1200\" \/>\n\t<meta property=\"og:image:height\" content=\"675\" \/>\n\t<meta property=\"og:image:type\" content=\"image\/webp\" \/>\n<meta name=\"twitter:card\" content=\"summary_large_image\" \/>\n<meta name=\"twitter:label1\" content=\"Estimated reading time\" \/>\n\t<meta name=\"twitter:data1\" content=\"1 minute\" \/>\n<script type=\"application\/ld+json\" class=\"yoast-schema-graph\">{\"@context\":\"https:\/\/schema.org\",\"@graph\":[{\"@type\":\"WebPage\",\"@id\":\"https:\/\/www.georgium.at\/stornobedingungen\/\",\"url\":\"https:\/\/www.georgium.at\/stornobedingungen\/\",\"name\":\"Stornobedingungen - GEORGIUM\",\"isPartOf\":{\"@id\":\"https:\/\/www.georgium.at\/#website\"},\"primaryImageOfPage\":{\"@id\":\"https:\/\/www.georgium.at\/stornobedingungen\/#primaryimage\"},\"image\":{\"@id\":\"https:\/\/www.georgium.at\/stornobedingungen\/#primaryimage\"},\"thumbnailUrl\":\"https:\/\/www.georgium.at\/media\/website.webp\",\"datePublished\":\"2024-03-28T13:04:33+00:00\",\"dateModified\":\"2024-03-28T13:06:17+00:00\",\"breadcrumb\":{\"@id\":\"https:\/\/www.georgium.at\/stornobedingungen\/#breadcrumb\"},\"inLanguage\":\"en-GB\",\"potentialAction\":[{\"@type\":\"ReadAction\",\"target\":[\"https:\/\/www.georgium.at\/stornobedingungen\/\"]}]},{\"@type\":\"ImageObject\",\"inLanguage\":\"en-GB\",\"@id\":\"https:\/\/www.georgium.at\/stornobedingungen\/#primaryimage\",\"url\":\"https:\/\/www.georgium.at\/media\/website.webp\",\"contentUrl\":\"https:\/\/www.georgium.at\/media\/website.webp\",\"width\":1200,\"height\":675},{\"@type\":\"BreadcrumbList\",\"@id\":\"https:\/\/www.georgium.at\/stornobedingungen\/#breadcrumb\",\"itemListElement\":[{\"@type\":\"ListItem\",\"position\":1,\"name\":\"Home\",\"item\":\"https:\/\/www.georgium.at\/\"},{\"@type\":\"ListItem\",\"position\":2,\"name\":\"Stornobedingungen\"}]},{\"@type\":\"WebSite\",\"@id\":\"https:\/\/www.georgium.at\/#website\",\"url\":\"https:\/\/www.georgium.at\/\",\"name\":\"GEORGIUM\",\"description\":\"Pinot vom L\u00e4ngsee\",\"publisher\":{\"@id\":\"https:\/\/www.georgium.at\/#organization\"},\"potentialAction\":[{\"@type\":\"SearchAction\",\"target\":{\"@type\":\"EntryPoint\",\"urlTemplate\":\"https:\/\/www.georgium.at\/?s={search_term_string}\"},\"query-input\":\"required name=search_term_string\"}],\"inLanguage\":\"en-GB\"},{\"@type\":\"Organization\",\"@id\":\"https:\/\/www.georgium.at\/#organization\",\"name\":\"GEORGIUM\",\"url\":\"https:\/\/www.georgium.at\/\",\"logo\":{\"@type\":\"ImageObject\",\"inLanguage\":\"en-GB\",\"@id\":\"https:\/\/www.georgium.at\/#\/schema\/logo\/image\/\",\"url\":\"https:\/\/www.georgium.at\/media\/georgium-org-logo.svg\",\"contentUrl\":\"https:\/\/www.georgium.at\/media\/georgium-org-logo.svg\",\"width\":696,\"height\":696,\"caption\":\"GEORGIUM\"},\"image\":{\"@id\":\"https:\/\/www.georgium.at\/#\/schema\/logo\/image\/\"}}]}<\/script>\n<!-- \/ Yoast SEO plugin. -->","yoast_head_json":{"title":"Stornobedingungen - GEORGIUM","robots":{"index":"index","follow":"follow","max-snippet":"max-snippet:-1","max-image-preview":"max-image-preview:large","max-video-preview":"max-video-preview:-1"},"canonical":"https:\/\/www.georgium.at\/en\/cancellation-conditions\/","og_locale":"en_GB","og_type":"article","og_title":"Stornobedingungen - GEORGIUM","og_description":"Stornobedingungen Die Sache mit den Stornobedingungen\u2026 Nat\u00fcrlich kann immer etwas dazwischen kommen - bitte rufen Sie uns an, und wir finden bestimmt eine L\u00f6sung.Bei allem Verst\u00e4ndnis der jeweiligen privaten Situation und m\u00f6glichen unerwartet auftauchenden\u00a0Stornierungsgr\u00fcnden gegen\u00fcber, brauchen wir als Betrieb ein Mindestma\u00df an Buchungssicherheit,\u00a0um unsere Ressourcen bestm\u00f6glich zu organisieren. Unsere Buchungskonditionen: In unserem Haus gelten normalerweise [&hellip;]","og_url":"https:\/\/www.georgium.at\/en\/cancellation-conditions\/","og_site_name":"GEORGIUM","article_modified_time":"2024-03-28T13:06:17+00:00","og_image":[{"width":1200,"height":675,"url":"https:\/\/www.georgium.at\/media\/website.webp","type":"image\/webp"}],"twitter_card":"summary_large_image","twitter_misc":{"Estimated reading time":"1 minute"},"schema":{"@context":"https:\/\/schema.org","@graph":[{"@type":"WebPage","@id":"https:\/\/www.georgium.at\/stornobedingungen\/","url":"https:\/\/www.georgium.at\/stornobedingungen\/","name":"Stornobedingungen - GEORGIUM","isPartOf":{"@id":"https:\/\/www.georgium.at\/#website"},"primaryImageOfPage":{"@id":"https:\/\/www.georgium.at\/stornobedingungen\/#primaryimage"},"image":{"@id":"https:\/\/www.georgium.at\/stornobedingungen\/#primaryimage"},"thumbnailUrl":"https:\/\/www.georgium.at\/media\/website.webp","datePublished":"2024-03-28T13:04:33+00:00","dateModified":"2024-03-28T13:06:17+00:00","breadcrumb":{"@id":"https:\/\/www.georgium.at\/stornobedingungen\/#breadcrumb"},"inLanguage":"en-GB","potentialAction":[{"@type":"ReadAction","target":["https:\/\/www.georgium.at\/stornobedingungen\/"]}]},{"@type":"ImageObject","inLanguage":"en-GB","@id":"https:\/\/www.georgium.at\/stornobedingungen\/#primaryimage","url":"https:\/\/www.georgium.at\/media\/website.webp","contentUrl":"https:\/\/www.georgium.at\/media\/website.webp","width":1200,"height":675},{"@type":"BreadcrumbList","@id":"https:\/\/www.georgium.at\/stornobedingungen\/#breadcrumb","itemListElement":[{"@type":"ListItem","position":1,"name":"Home","item":"https:\/\/www.georgium.at\/"},{"@type":"ListItem","position":2,"name":"Stornobedingungen"}]},{"@type":"WebSite","@id":"https:\/\/www.georgium.at\/#website","url":"https:\/\/www.georgium.at\/","name":"GEORGIUM","description":"Pinot vom L\u00e4ngsee","publisher":{"@id":"https:\/\/www.georgium.at\/#organization"},"potentialAction":[{"@type":"SearchAction","target":{"@type":"EntryPoint","urlTemplate":"https:\/\/www.georgium.at\/?s={search_term_string}"},"query-input":"required name=search_term_string"}],"inLanguage":"en-GB"},{"@type":"Organization","@id":"https:\/\/www.georgium.at\/#organization","name":"GEORGIUM","url":"https:\/\/www.georgium.at\/","logo":{"@type":"ImageObject","inLanguage":"en-GB","@id":"https:\/\/www.georgium.at\/#\/schema\/logo\/image\/","url":"https:\/\/www.georgium.at\/media\/georgium-org-logo.svg","contentUrl":"https:\/\/www.georgium.at\/media\/georgium-org-logo.svg","width":696,"height":696,"caption":"GEORGIUM"},"image":{"@id":"https:\/\/www.georgium.at\/#\/schema\/logo\/image\/"}}]}},"_links":{"self":[{"href":"https:\/\/www.georgium.at\/en\/wp-json\/wp\/v2\/pages\/2339","targetHints":{"allow":["GET"]}}],"collection":[{"href":"https:\/\/www.georgium.at\/en\/wp-json\/wp\/v2\/pages"}],"about":[{"href":"https:\/\/www.georgium.at\/en\/wp-json\/wp\/v2\/types\/page"}],"author":[{"embeddable":true,"href":"https:\/\/www.georgium.at\/en\/wp-json\/wp\/v2\/users\/4"}],"replies":[{"embeddable":true,"href":"https:\/\/www.georgium.at\/en\/wp-json\/wp\/v2\/comments?post=2339"}],"version-history":[{"count":4,"href":"https:\/\/www.georgium.at\/en\/wp-json\/wp\/v2\/pages\/2339\/revisions"}],"predecessor-version":[{"id":2344,"href":"https:\/\/www.georgium.at\/en\/wp-json\/wp\/v2\/pages\/2339\/revisions\/2344"}],"wp:featuredmedia":[{"embeddable":true,"href":"https:\/\/www.georgium.at\/en\/wp-json\/wp\/v2\/media\/2327"}],"wp:attachment":[{"href":"https:\/\/www.georgium.at\/en\/wp-json\/wp\/v2\/media?parent=2339"}],"curies":[{"name":"wp","href":"https:\/\/api.w.org\/{rel}","templated":true}]}}