{"id":2090,"date":"2024-03-26T15:44:28","date_gmt":"2024-03-26T14:44:28","guid":{"rendered":"https:\/\/www.georgium.at\/?page_id=2090"},"modified":"2026-04-27T11:05:36","modified_gmt":"2026-04-27T10:05:36","slug":"essen-trinken-feiern","status":"publish","type":"page","link":"https:\/\/www.georgium.at\/en\/the-cupbearer\/","title":{"rendered":"Essen. Trinken. Feiern. Buche dein exklusives Weingut!"},"content":{"rendered":"<section class=\"bde-section-2090-100 bde-section pd_hero\">\n              \n  \n\t\n  <div class=\"breakdance-swiper-wrapper section-background-slideshow\">\n    <div class=\"swiper\">\n      <!-- Additional required wrapper -->\n      <div class=\"swiper-wrapper\">\n        <!-- Slides -->\n                  <div class=\"swiper-slide\">\n            <div class=\"swiper-slide-item\" style=\"background-image: url(https:\/\/www.georgium.at\/media\/Georgium-13-118-scaled.jpg);\"><\/div>\n          <\/div>\n                  <div class=\"swiper-slide\">\n            <div class=\"swiper-slide-item\" style=\"background-image: url(https:\/\/www.georgium.at\/media\/Georgium-2-scaled.jpg);\"><\/div>\n          <\/div>\n                  <div class=\"swiper-slide\">\n            <div class=\"swiper-slide-item\" style=\"background-image: url(https:\/\/www.georgium.at\/media\/Weingut-Restaurant-Georgium-3-scaled.jpg);\"><\/div>\n          <\/div>\n                  <div class=\"swiper-slide\">\n            <div class=\"swiper-slide-item\" style=\"background-image: url(https:\/\/www.georgium.at\/media\/Georgium-9-scaled.jpg);\"><\/div>\n          <\/div>\n              <\/div>\n    <\/div>\n  <\/div>\n\n\n\n<div class=\"section-container\"><div class=\"bde-div-2090-145 bde-div pd_page_title\">\n  \n\t\n\n\n\n<h1 class=\"bde-heading-2090-146 bde-heading\" data-entrance=\"slideUp\">\nOrganic wine table\n<\/h1>\n<\/div><\/div>\n<\/section><section id=\"Weingut\" class=\"bde-section-2090-103 bde-section\">\n  \n\t\n\n\n\n<div class=\"section-container\"><h2 class=\"bde-dual-heading-2090-104 bde-dual-heading\" data-entrance=\"slideUp\">\n\n\n            <span data-style=\"primary\" class=\"dual-heading--primary\">Eat. Drink. Celebrate.<\/span>\n\n\n\n<\/h2><div class=\"bde-text-2090-105 bde-text\" data-entrance=\"slideUp\">\nRoman Wastler kocht kompromisslos: Farm to table, biologisch. Alles unter einem Dach, alles in einem Haus. <br>Unkompliziert, l\u00e4ssig, gesellig, f\u00fcr Jedermann und Jedefrau. Kalt & Warm. Regul\u00e4r ge\u00f6ffnet von M\u00e4rz bis Oktober, sehr gerne jederzeit ganzj\u00e4hrig f\u00fcr Gruppen exklusiv buchbar. <br><br>External guests are welcome to our organic half board, please book in advance! <br><br><br>Schreib uns unter roman@georgium.at . <br><br>Tischreservierungen bitte nur telefonisch: <br>0676 3054185.<br><br>Tastings and sales from the farm are possible by appointment.\n<\/div><div class=\"bde-columns-2090-122 bde-columns\"><div class=\"bde-column-2090-123 bde-column\">\n  \n\t\n\n\n\n<div class=\"bde-div-2090-106 bde-div\" data-entrance=\"slideUp\">\n  \n\t\n\n\n\n<div class=\"bde-button-2090-149 bde-button\">\n    \n                                    \n    \n    \n    \n    \n            \n                    \n            \n            \n\n    \n    \n    \n    \n    <a class=\"breakdance-link button-atom button-atom--primary bde-button__button\" href=\"https:\/\/www.georgium.at\/media\/Kulinarische-Woche-am-Georgium-KW17-KW18-.pdf\" target=\"_self\" data-type=\"url\"  >\n\n    \n        <span class=\"button-atom__text\">Kulinarische Woche am Bio Weingut<\/span>\n\n        \n        \n                <\/a>\n\n    \n\n\n<\/div>\n<\/div>\n<\/div><\/div><div class=\"bde-button-2090-155 bde-button\">\n    \n                                    \n    \n    \n    \n    \n            \n                    \n            \n            \n\n    \n    \n    \n    \n    <a class=\"breakdance-link button-atom button-atom--primary bde-button__button\" href=\"https:\/\/www.georgium.at\/media\/Hochzeitsmappe-2026-2.pdf\" target=\"_self\" data-type=\"url\"  >\n\n    \n        <span class=\"button-atom__text\">Wedding folder 2026<\/span>\n\n        \n        \n                <\/a>\n\n    \n\n\n<\/div><div class=\"bde-button-2090-148 bde-button\">\n    \n                                    \n    \n    \n    \n    \n            \n                    \n            \n            \n\n    \n    \n    \n    \n    <a class=\"breakdance-link button-atom button-atom--primary bde-button__button\" href=\"https:\/\/www.georgium.at\/media\/Farm-to-Table-2026_.pdf\" target=\"_self\" data-type=\"url\"  >\n\n    \n        <span class=\"button-atom__text\">Farm to Table BeispielMen\u00fc f\u00fcr eure private Feier<\/span>\n\n        \n        \n                <\/a>\n\n    \n\n\n<\/div><div class=\"bde-div-2090-125 bde-div\" data-entrance=\"slideUp\">\n  \n\t\n\n\n\n<div class=\"bde-business-hours-2090-151 bde-business-hours\">\n\n<\/div>\n<\/div><div class=\"bde-div-2090-147 bde-div\" data-entrance=\"slideUp\">\n  \n\t\n\n\n\n\n<\/div><\/div>\n<\/section>","protected":false},"excerpt":{"rendered":"<p>Bio Winzertisch Essen. Trinken. Feiern. Roman Wastler kocht kompromisslos: Farm to table, biologisch. Alles unter einem Dach, alles in einem Haus. Unkompliziert, l\u00e4ssig, gesellig, f\u00fcr Jedermann und Jedefrau. Kalt &#038; Warm. Regul\u00e4r ge\u00f6ffnet von M\u00e4rz bis Oktober, sehr gerne jederzeit ganzj\u00e4hrig f\u00fcr Gruppen exklusiv buchbar. Externe G\u00e4ste herzlich zu unserer Bio Halbpension Willkommen, bitte um [&hellip;]<\/p>","protected":false},"author":4,"featured_media":2831,"parent":0,"menu_order":0,"comment_status":"closed","ping_status":"closed","template":"","meta":{"_acf_changed":false,"inline_featured_image":false,"_breakdance_hide_in_design_set":false,"_breakdance_tags":"","footnotes":""},"class_list":["post-2090","page","type-page","status-publish","has-post-thumbnail","hentry"],"acf":[],"yoast_head":"<!-- This site is optimized with the Yoast SEO plugin v22.3 - https:\/\/yoast.com\/wordpress\/plugins\/seo\/ -->\n<title>Essen. Trinken. Feiern. Buche dein exklusives Weingut! - GEORGIUM<\/title>\n<meta name=\"description\" content=\"\u00fcbernimmt Roman Wastler \u00fcbernimmt das Zepter in unserer gem\u00fctlichen, authentischen Bio Gastronomie. Alles unter einem Dach, alles in einem Haus.Lassen Sie sich \u00fcberraschen! Einfache Bio K\u00fcche, unkompliziert, f\u00fcr Jedermann und Jedefrau. Kalt &amp; Warm. Donnerstag bis Sonntag.\" \/>\n<meta name=\"robots\" content=\"index, follow, max-snippet:-1, max-image-preview:large, max-video-preview:-1\" \/>\n<link rel=\"canonical\" href=\"https:\/\/www.georgium.at\/en\/the-cupbearer\/\" \/>\n<meta property=\"og:locale\" content=\"en_GB\" \/>\n<meta property=\"og:type\" content=\"article\" \/>\n<meta property=\"og:title\" content=\"Essen. Trinken. Feiern. Buche dein exklusives Weingut! - GEORGIUM\" \/>\n<meta property=\"og:description\" content=\"\u00fcbernimmt Roman Wastler \u00fcbernimmt das Zepter in unserer gem\u00fctlichen, authentischen Bio Gastronomie. Alles unter einem Dach, alles in einem Haus.Lassen Sie sich \u00fcberraschen! Einfache Bio K\u00fcche, unkompliziert, f\u00fcr Jedermann und Jedefrau. Kalt &amp; Warm. Donnerstag bis Sonntag.\" \/>\n<meta property=\"og:url\" content=\"https:\/\/www.georgium.at\/en\/the-cupbearer\/\" \/>\n<meta property=\"og:site_name\" content=\"GEORGIUM\" \/>\n<meta property=\"article:modified_time\" content=\"2026-04-27T10:05:36+00:00\" \/>\n<meta property=\"og:image\" content=\"https:\/\/www.georgium.at\/media\/089_GM_2025-05-31_72ppi-scaled.jpg\" \/>\n\t<meta property=\"og:image:width\" content=\"2560\" \/>\n\t<meta property=\"og:image:height\" content=\"1707\" \/>\n\t<meta property=\"og:image:type\" content=\"image\/jpeg\" \/>\n<meta name=\"twitter:card\" content=\"summary_large_image\" \/>\n<meta name=\"twitter:label1\" content=\"Estimated reading time\" \/>\n\t<meta name=\"twitter:data1\" content=\"1 minute\" \/>\n<script type=\"application\/ld+json\" class=\"yoast-schema-graph\">{\"@context\":\"https:\/\/schema.org\",\"@graph\":[{\"@type\":\"WebPage\",\"@id\":\"https:\/\/www.georgium.at\/essen-trinken-feiern\/\",\"url\":\"https:\/\/www.georgium.at\/essen-trinken-feiern\/\",\"name\":\"Essen. Trinken. Feiern. Buche dein exklusives Weingut! - GEORGIUM\",\"isPartOf\":{\"@id\":\"https:\/\/www.georgium.at\/#website\"},\"primaryImageOfPage\":{\"@id\":\"https:\/\/www.georgium.at\/essen-trinken-feiern\/#primaryimage\"},\"image\":{\"@id\":\"https:\/\/www.georgium.at\/essen-trinken-feiern\/#primaryimage\"},\"thumbnailUrl\":\"https:\/\/www.georgium.at\/media\/089_GM_2025-05-31_72ppi-scaled.jpg\",\"datePublished\":\"2024-03-26T14:44:28+00:00\",\"dateModified\":\"2026-04-27T10:05:36+00:00\",\"description\":\"\u00fcbernimmt Roman Wastler \u00fcbernimmt das Zepter in unserer gem\u00fctlichen, authentischen Bio Gastronomie. Alles unter einem Dach, alles in einem Haus.Lassen Sie sich \u00fcberraschen! Einfache Bio K\u00fcche, unkompliziert, f\u00fcr Jedermann und Jedefrau. Kalt & Warm. Donnerstag bis Sonntag.\",\"breadcrumb\":{\"@id\":\"https:\/\/www.georgium.at\/essen-trinken-feiern\/#breadcrumb\"},\"inLanguage\":\"en-GB\",\"potentialAction\":[{\"@type\":\"ReadAction\",\"target\":[\"https:\/\/www.georgium.at\/essen-trinken-feiern\/\"]}]},{\"@type\":\"ImageObject\",\"inLanguage\":\"en-GB\",\"@id\":\"https:\/\/www.georgium.at\/essen-trinken-feiern\/#primaryimage\",\"url\":\"https:\/\/www.georgium.at\/media\/089_GM_2025-05-31_72ppi-scaled.jpg\",\"contentUrl\":\"https:\/\/www.georgium.at\/media\/089_GM_2025-05-31_72ppi-scaled.jpg\",\"width\":2560,\"height\":1707},{\"@type\":\"BreadcrumbList\",\"@id\":\"https:\/\/www.georgium.at\/essen-trinken-feiern\/#breadcrumb\",\"itemListElement\":[{\"@type\":\"ListItem\",\"position\":1,\"name\":\"Home\",\"item\":\"https:\/\/www.georgium.at\/\"},{\"@type\":\"ListItem\",\"position\":2,\"name\":\"Essen. Trinken. Feiern. Buche dein exklusives Weingut!\"}]},{\"@type\":\"WebSite\",\"@id\":\"https:\/\/www.georgium.at\/#website\",\"url\":\"https:\/\/www.georgium.at\/\",\"name\":\"GEORGIUM\",\"description\":\"Pinot vom L\u00e4ngsee\",\"publisher\":{\"@id\":\"https:\/\/www.georgium.at\/#organization\"},\"potentialAction\":[{\"@type\":\"SearchAction\",\"target\":{\"@type\":\"EntryPoint\",\"urlTemplate\":\"https:\/\/www.georgium.at\/?s={search_term_string}\"},\"query-input\":\"required name=search_term_string\"}],\"inLanguage\":\"en-GB\"},{\"@type\":\"Organization\",\"@id\":\"https:\/\/www.georgium.at\/#organization\",\"name\":\"GEORGIUM\",\"url\":\"https:\/\/www.georgium.at\/\",\"logo\":{\"@type\":\"ImageObject\",\"inLanguage\":\"en-GB\",\"@id\":\"https:\/\/www.georgium.at\/#\/schema\/logo\/image\/\",\"url\":\"https:\/\/www.georgium.at\/media\/georgium-org-logo.svg\",\"contentUrl\":\"https:\/\/www.georgium.at\/media\/georgium-org-logo.svg\",\"width\":696,\"height\":696,\"caption\":\"GEORGIUM\"},\"image\":{\"@id\":\"https:\/\/www.georgium.at\/#\/schema\/logo\/image\/\"}}]}<\/script>\n<!-- \/ Yoast SEO plugin. -->","yoast_head_json":{"title":"Essen. Trinken. Feiern. Buche dein exklusives Weingut! - GEORGIUM","description":"\u00fcbernimmt Roman Wastler \u00fcbernimmt das Zepter in unserer gem\u00fctlichen, authentischen Bio Gastronomie. Alles unter einem Dach, alles in einem Haus.Lassen Sie sich \u00fcberraschen! Einfache Bio K\u00fcche, unkompliziert, f\u00fcr Jedermann und Jedefrau. Kalt & Warm. Donnerstag bis Sonntag.","robots":{"index":"index","follow":"follow","max-snippet":"max-snippet:-1","max-image-preview":"max-image-preview:large","max-video-preview":"max-video-preview:-1"},"canonical":"https:\/\/www.georgium.at\/en\/the-cupbearer\/","og_locale":"en_GB","og_type":"article","og_title":"Essen. Trinken. Feiern. Buche dein exklusives Weingut! - GEORGIUM","og_description":"\u00fcbernimmt Roman Wastler \u00fcbernimmt das Zepter in unserer gem\u00fctlichen, authentischen Bio Gastronomie. Alles unter einem Dach, alles in einem Haus.Lassen Sie sich \u00fcberraschen! Einfache Bio K\u00fcche, unkompliziert, f\u00fcr Jedermann und Jedefrau. Kalt & Warm. Donnerstag bis Sonntag.","og_url":"https:\/\/www.georgium.at\/en\/the-cupbearer\/","og_site_name":"GEORGIUM","article_modified_time":"2026-04-27T10:05:36+00:00","og_image":[{"width":2560,"height":1707,"url":"https:\/\/www.georgium.at\/media\/089_GM_2025-05-31_72ppi-scaled.jpg","type":"image\/jpeg"}],"twitter_card":"summary_large_image","twitter_misc":{"Estimated reading time":"1 minute"},"schema":{"@context":"https:\/\/schema.org","@graph":[{"@type":"WebPage","@id":"https:\/\/www.georgium.at\/essen-trinken-feiern\/","url":"https:\/\/www.georgium.at\/essen-trinken-feiern\/","name":"Essen. Trinken. Feiern. Buche dein exklusives Weingut! - GEORGIUM","isPartOf":{"@id":"https:\/\/www.georgium.at\/#website"},"primaryImageOfPage":{"@id":"https:\/\/www.georgium.at\/essen-trinken-feiern\/#primaryimage"},"image":{"@id":"https:\/\/www.georgium.at\/essen-trinken-feiern\/#primaryimage"},"thumbnailUrl":"https:\/\/www.georgium.at\/media\/089_GM_2025-05-31_72ppi-scaled.jpg","datePublished":"2024-03-26T14:44:28+00:00","dateModified":"2026-04-27T10:05:36+00:00","description":"\u00fcbernimmt Roman Wastler \u00fcbernimmt das Zepter in unserer gem\u00fctlichen, authentischen Bio Gastronomie. Alles unter einem Dach, alles in einem Haus.Lassen Sie sich \u00fcberraschen! Einfache Bio K\u00fcche, unkompliziert, f\u00fcr Jedermann und Jedefrau. Kalt & Warm. Donnerstag bis Sonntag.","breadcrumb":{"@id":"https:\/\/www.georgium.at\/essen-trinken-feiern\/#breadcrumb"},"inLanguage":"en-GB","potentialAction":[{"@type":"ReadAction","target":["https:\/\/www.georgium.at\/essen-trinken-feiern\/"]}]},{"@type":"ImageObject","inLanguage":"en-GB","@id":"https:\/\/www.georgium.at\/essen-trinken-feiern\/#primaryimage","url":"https:\/\/www.georgium.at\/media\/089_GM_2025-05-31_72ppi-scaled.jpg","contentUrl":"https:\/\/www.georgium.at\/media\/089_GM_2025-05-31_72ppi-scaled.jpg","width":2560,"height":1707},{"@type":"BreadcrumbList","@id":"https:\/\/www.georgium.at\/essen-trinken-feiern\/#breadcrumb","itemListElement":[{"@type":"ListItem","position":1,"name":"Home","item":"https:\/\/www.georgium.at\/"},{"@type":"ListItem","position":2,"name":"Essen. Trinken. Feiern. Buche dein exklusives Weingut!"}]},{"@type":"WebSite","@id":"https:\/\/www.georgium.at\/#website","url":"https:\/\/www.georgium.at\/","name":"GEORGIUM","description":"Pinot vom L\u00e4ngsee","publisher":{"@id":"https:\/\/www.georgium.at\/#organization"},"potentialAction":[{"@type":"SearchAction","target":{"@type":"EntryPoint","urlTemplate":"https:\/\/www.georgium.at\/?s={search_term_string}"},"query-input":"required name=search_term_string"}],"inLanguage":"en-GB"},{"@type":"Organization","@id":"https:\/\/www.georgium.at\/#organization","name":"GEORGIUM","url":"https:\/\/www.georgium.at\/","logo":{"@type":"ImageObject","inLanguage":"en-GB","@id":"https:\/\/www.georgium.at\/#\/schema\/logo\/image\/","url":"https:\/\/www.georgium.at\/media\/georgium-org-logo.svg","contentUrl":"https:\/\/www.georgium.at\/media\/georgium-org-logo.svg","width":696,"height":696,"caption":"GEORGIUM"},"image":{"@id":"https:\/\/www.georgium.at\/#\/schema\/logo\/image\/"}}]}},"_links":{"self":[{"href":"https:\/\/www.georgium.at\/en\/wp-json\/wp\/v2\/pages\/2090","targetHints":{"allow":["GET"]}}],"collection":[{"href":"https:\/\/www.georgium.at\/en\/wp-json\/wp\/v2\/pages"}],"about":[{"href":"https:\/\/www.georgium.at\/en\/wp-json\/wp\/v2\/types\/page"}],"author":[{"embeddable":true,"href":"https:\/\/www.georgium.at\/en\/wp-json\/wp\/v2\/users\/4"}],"replies":[{"embeddable":true,"href":"https:\/\/www.georgium.at\/en\/wp-json\/wp\/v2\/comments?post=2090"}],"version-history":[{"count":15,"href":"https:\/\/www.georgium.at\/en\/wp-json\/wp\/v2\/pages\/2090\/revisions"}],"predecessor-version":[{"id":2871,"href":"https:\/\/www.georgium.at\/en\/wp-json\/wp\/v2\/pages\/2090\/revisions\/2871"}],"wp:featuredmedia":[{"embeddable":true,"href":"https:\/\/www.georgium.at\/en\/wp-json\/wp\/v2\/media\/2831"}],"wp:attachment":[{"href":"https:\/\/www.georgium.at\/en\/wp-json\/wp\/v2\/media?parent=2090"}],"curies":[{"name":"wp","href":"https:\/\/api.w.org\/{rel}","templated":true}]}}