{"id":1729,"date":"2023-12-14T22:06:12","date_gmt":"2023-12-14T21:06:12","guid":{"rendered":"https:\/\/www.georgium.at\/impressum-2\/"},"modified":"2024-10-31T10:16:50","modified_gmt":"2024-10-31T09:16:50","slug":"impressum","status":"publish","type":"page","link":"https:\/\/www.georgium.at\/en\/imprint\/","title":{"rendered":"Imprint"},"content":{"rendered":"<section class=\"bde-section-1729-105 bde-section pd_hero\">\n  \n\t\n\n\n\n<div class=\"section-container\"><div class=\"bde-div-1729-106 bde-div pd_page_title\">\n  \n\t\n\n\n\n<h1 class=\"bde-heading-1729-107 bde-heading\">\nImprint\n<\/h1>\n<\/div><\/div>\n<\/section><section class=\"bde-section-1729-100 bde-section\">\n  \n\t\n\n\n\n<div class=\"section-container\"><div class=\"bde-shortcode-1729-101 bde-shortcode\">\n\n<!-- Legal document generated by Complianz | GDPR\/CCPA Cookie Consent https:\/\/wordpress.org\/plugins\/complianz-gdpr -->\n<div id=\"cmplz-document\" class=\"cmplz-document impressum cmplz-document-all\"><p><i>This imprint was last updated on 11.04.2024.<\/i><\/p><p class=\"cmplz-subtitle\">The owner of this website is:<\/p><p>Georgium Winery - AM GUT VON S`J\u00d6RGEN KG <br>L\u00e4ngseestrasse 9<br \/>\n9313 St. Georgen am L\u00e4ngsee<br>Austria<br>Email:&nbsp;o&#102;&#102;i&#099;e&#064;&#103;e&#111;&#114;gi&#117;m.at<br>Phone number: +43 650 224 1234<br>VAT ID: ATU64705199<\/p><h2>1. general<\/h2><p>We are not willing or obliged to participate in dispute resolution procedures before a consumer arbitration board.<\/p><h2>2. additional information<\/h2><p>Company register number:FN 320147f<br \/>\nCompany court: Regional court Klagenfurt<br \/>\nAuthority according to ECG (E-Commerce Law):BH St. Veit an der Glan<br \/>\nPhotos: Ferdinand Neum\u00fcller, Elias Jerusalem<\/p><\/div>\n<\/div><h2 class=\"bde-heading-1729-103 bde-heading\">\nExclusion of liability\n<\/h2><div class=\"bde-shortcode-1729-102 bde-shortcode\">\n\n<!-- Legal document generated by Complianz | GDPR\/CCPA Cookie Consent https:\/\/wordpress.org\/plugins\/complianz-gdpr -->\n<div id=\"cmplz-document\" class=\"cmplz-document disclaimer cmplz-document-all\"><p>Weingut Georgium \u2013 AM GUT VON S`J\u00d6RGEN KG is committed to keeping this website up to date and accurate. Should you nevertheless encounter anything that is incorrect or out of date, we would appreciate it if you could let us know. Please indicate where on the website you read the information. We will then look at this as soon as possible. Please send your response by email to: of&#102;i&#099;e&#064;&#103;&#101;&#111;r&#103;&#105;&#117;m.at.<\/p><p>We are not liable for loss as a result of inaccuracies or incompleteness, nor for loss resulting from problems caused by or inherent to the dissemination of information through the internet, such as disruptions or interruptions. When using web forms, we strive to limit the number of required fields to a minimum. For any loss suffered as a result of the use of data, advice or ideas provided by or on behalf of Weingut Georgium - AM GUT VON S`J\u00d6RGEN KG via this website, Weingut Georgium - AM GUT VON S`J\u00d6RGEN KG accepts no liability.<\/p><p>Any personal data you provide us with in the context of your response or request for information will only be used in accordance with our privacy statement.<\/p><p>Weingut Georgium - AM GUT VON S`J\u00d6RGEN KG accepts no responsibility for the content of websites to which or from which a hyperlink or other reference is made. Products or services offered by third parties shall be subject to the applicable terms and conditions of those third parties.<\/p><p>All intellectual property rights to content on this website are vested in Weingut Georgium - AM GUT VON S`J\u00d6RGEN KG or in third parties who have placed the content themselves or from whom Weingut Georgium - AM GUT VON S`J\u00d6RGEN KG has obtained a user licence.<\/p><p>Copying, disseminating and any other use of these materials is not permitted without the written permission of Weingut Georgium - AM GUT VON S`J\u00d6RGEN KG, except and only insofar as otherwise stipulated in regulations of mandatory law (such as the right to quote), unless specific content dictates otherwise.<\/p><p>If you have any questions or problems with the accessibility of the website, please do not hesitate to contact us.<\/p><\/div>\n<\/div><\/div>\n<\/section>","protected":false},"excerpt":{"rendered":"<p>Impressum This imprint was last updated on 11.04.2024.The owner of this website is:Weingut Georgium \u2013 AM GUT VON S`J\u00d6RGEN KG L\u00e4ngseestrasse 9 9313 St. Georgen am L\u00e4ngseeAustriaEmail:&nbsp;&#111;&#102;&#102;&#105;&#099;e&#064;g&#101;or&#103;iu&#109;.&#097;tPhone number: +43 650 224 1234VAT ID:&nbsp;ATU647051991. GeneralWe are not willing or obliged to participate in dispute resolution procedures before a consumer arbitration board.2. Additional informationFirmenbuchnummer:FN 320147f Firmengericht: Landesgericht [&hellip;]<\/p>","protected":false},"author":4,"featured_media":0,"parent":0,"menu_order":0,"comment_status":"closed","ping_status":"closed","template":"","meta":{"_acf_changed":false,"inline_featured_image":false,"_breakdance_hide_in_design_set":false,"_breakdance_tags":"","footnotes":""},"class_list":["post-1729","page","type-page","status-publish","hentry"],"acf":[],"yoast_head":"<!-- This site is optimized with the Yoast SEO plugin v22.3 - https:\/\/yoast.com\/wordpress\/plugins\/seo\/ -->\n<title>Impressum - GEORGIUM<\/title>\n<meta name=\"robots\" content=\"index, follow, max-snippet:-1, max-image-preview:large, max-video-preview:-1\" \/>\n<link rel=\"canonical\" href=\"https:\/\/www.georgium.at\/en\/imprint\/\" \/>\n<meta property=\"og:locale\" content=\"en_GB\" \/>\n<meta property=\"og:type\" content=\"article\" \/>\n<meta property=\"og:title\" content=\"Impressum - GEORGIUM\" \/>\n<meta property=\"og:description\" content=\"Impressum This imprint was last updated on 11.04.2024.The owner of this website is:Weingut Georgium \u2013 AM GUT VON S`J\u00d6RGEN KG L\u00e4ngseestrasse 9 9313 St. Georgen am L\u00e4ngseeAustriaEmail:&nbsp;o&#102;fi&#099;e&#064;&#103;eo&#114;giu&#109;.atPhone number: +43 650 224 1234VAT ID:&nbsp;ATU647051991. GeneralWe are not willing or obliged to participate in dispute resolution procedures before a consumer arbitration board.2. Additional informationFirmenbuchnummer:FN 320147f Firmengericht: Landesgericht [&hellip;]\" \/>\n<meta property=\"og:url\" content=\"https:\/\/www.georgium.at\/en\/imprint\/\" \/>\n<meta property=\"og:site_name\" content=\"GEORGIUM\" \/>\n<meta property=\"article:modified_time\" content=\"2024-10-31T09:16:50+00:00\" \/>\n<meta property=\"og:image\" content=\"https:\/\/www.georgium.at\/media\/website.webp\" \/>\n\t<meta property=\"og:image:width\" content=\"1200\" \/>\n\t<meta property=\"og:image:height\" content=\"675\" \/>\n\t<meta property=\"og:image:type\" content=\"image\/webp\" \/>\n<meta name=\"twitter:card\" content=\"summary_large_image\" \/>\n<meta name=\"twitter:label1\" content=\"Estimated reading time\" \/>\n\t<meta name=\"twitter:data1\" content=\"3 minutes\" \/>\n<script type=\"application\/ld+json\" class=\"yoast-schema-graph\">{\"@context\":\"https:\/\/schema.org\",\"@graph\":[{\"@type\":\"WebPage\",\"@id\":\"https:\/\/www.georgium.at\/impressum\/\",\"url\":\"https:\/\/www.georgium.at\/impressum\/\",\"name\":\"Impressum - GEORGIUM\",\"isPartOf\":{\"@id\":\"https:\/\/www.georgium.at\/#website\"},\"datePublished\":\"2023-12-14T21:06:12+00:00\",\"dateModified\":\"2024-10-31T09:16:50+00:00\",\"breadcrumb\":{\"@id\":\"https:\/\/www.georgium.at\/impressum\/#breadcrumb\"},\"inLanguage\":\"en-GB\",\"potentialAction\":[{\"@type\":\"ReadAction\",\"target\":[\"https:\/\/www.georgium.at\/impressum\/\"]}]},{\"@type\":\"BreadcrumbList\",\"@id\":\"https:\/\/www.georgium.at\/impressum\/#breadcrumb\",\"itemListElement\":[{\"@type\":\"ListItem\",\"position\":1,\"name\":\"Home\",\"item\":\"https:\/\/www.georgium.at\/\"},{\"@type\":\"ListItem\",\"position\":2,\"name\":\"Impressum\"}]},{\"@type\":\"WebSite\",\"@id\":\"https:\/\/www.georgium.at\/#website\",\"url\":\"https:\/\/www.georgium.at\/\",\"name\":\"GEORGIUM\",\"description\":\"Pinot vom L\u00e4ngsee\",\"publisher\":{\"@id\":\"https:\/\/www.georgium.at\/#organization\"},\"potentialAction\":[{\"@type\":\"SearchAction\",\"target\":{\"@type\":\"EntryPoint\",\"urlTemplate\":\"https:\/\/www.georgium.at\/?s={search_term_string}\"},\"query-input\":\"required name=search_term_string\"}],\"inLanguage\":\"en-GB\"},{\"@type\":\"Organization\",\"@id\":\"https:\/\/www.georgium.at\/#organization\",\"name\":\"GEORGIUM\",\"url\":\"https:\/\/www.georgium.at\/\",\"logo\":{\"@type\":\"ImageObject\",\"inLanguage\":\"en-GB\",\"@id\":\"https:\/\/www.georgium.at\/#\/schema\/logo\/image\/\",\"url\":\"https:\/\/www.georgium.at\/media\/georgium-org-logo.svg\",\"contentUrl\":\"https:\/\/www.georgium.at\/media\/georgium-org-logo.svg\",\"width\":696,\"height\":696,\"caption\":\"GEORGIUM\"},\"image\":{\"@id\":\"https:\/\/www.georgium.at\/#\/schema\/logo\/image\/\"}}]}<\/script>\n<!-- \/ Yoast SEO plugin. -->","yoast_head_json":{"title":"Impressum - GEORGIUM","robots":{"index":"index","follow":"follow","max-snippet":"max-snippet:-1","max-image-preview":"max-image-preview:large","max-video-preview":"max-video-preview:-1"},"canonical":"https:\/\/www.georgium.at\/en\/imprint\/","og_locale":"en_GB","og_type":"article","og_title":"Impressum - GEORGIUM","og_description":"Impressum This imprint was last updated on 11.04.2024.The owner of this website is:Weingut Georgium \u2013 AM GUT VON S`J\u00d6RGEN KG L\u00e4ngseestrasse 9 9313 St. Georgen am L\u00e4ngseeAustriaEmail:&nbsp;o&#102;fi&#099;e&#064;&#103;eo&#114;giu&#109;.atPhone number: +43 650 224 1234VAT ID:&nbsp;ATU647051991. GeneralWe are not willing or obliged to participate in dispute resolution procedures before a consumer arbitration board.2. Additional informationFirmenbuchnummer:FN 320147f Firmengericht: Landesgericht [&hellip;]","og_url":"https:\/\/www.georgium.at\/en\/imprint\/","og_site_name":"GEORGIUM","article_modified_time":"2024-10-31T09:16:50+00:00","og_image":[{"width":1200,"height":675,"url":"https:\/\/www.georgium.at\/media\/website.webp","type":"image\/webp"}],"twitter_card":"summary_large_image","twitter_misc":{"Estimated reading time":"3 minutes"},"schema":{"@context":"https:\/\/schema.org","@graph":[{"@type":"WebPage","@id":"https:\/\/www.georgium.at\/impressum\/","url":"https:\/\/www.georgium.at\/impressum\/","name":"Impressum - GEORGIUM","isPartOf":{"@id":"https:\/\/www.georgium.at\/#website"},"datePublished":"2023-12-14T21:06:12+00:00","dateModified":"2024-10-31T09:16:50+00:00","breadcrumb":{"@id":"https:\/\/www.georgium.at\/impressum\/#breadcrumb"},"inLanguage":"en-GB","potentialAction":[{"@type":"ReadAction","target":["https:\/\/www.georgium.at\/impressum\/"]}]},{"@type":"BreadcrumbList","@id":"https:\/\/www.georgium.at\/impressum\/#breadcrumb","itemListElement":[{"@type":"ListItem","position":1,"name":"Home","item":"https:\/\/www.georgium.at\/"},{"@type":"ListItem","position":2,"name":"Impressum"}]},{"@type":"WebSite","@id":"https:\/\/www.georgium.at\/#website","url":"https:\/\/www.georgium.at\/","name":"GEORGIUM","description":"Pinot vom L\u00e4ngsee","publisher":{"@id":"https:\/\/www.georgium.at\/#organization"},"potentialAction":[{"@type":"SearchAction","target":{"@type":"EntryPoint","urlTemplate":"https:\/\/www.georgium.at\/?s={search_term_string}"},"query-input":"required name=search_term_string"}],"inLanguage":"en-GB"},{"@type":"Organization","@id":"https:\/\/www.georgium.at\/#organization","name":"GEORGIUM","url":"https:\/\/www.georgium.at\/","logo":{"@type":"ImageObject","inLanguage":"en-GB","@id":"https:\/\/www.georgium.at\/#\/schema\/logo\/image\/","url":"https:\/\/www.georgium.at\/media\/georgium-org-logo.svg","contentUrl":"https:\/\/www.georgium.at\/media\/georgium-org-logo.svg","width":696,"height":696,"caption":"GEORGIUM"},"image":{"@id":"https:\/\/www.georgium.at\/#\/schema\/logo\/image\/"}}]}},"_links":{"self":[{"href":"https:\/\/www.georgium.at\/en\/wp-json\/wp\/v2\/pages\/1729","targetHints":{"allow":["GET"]}}],"collection":[{"href":"https:\/\/www.georgium.at\/en\/wp-json\/wp\/v2\/pages"}],"about":[{"href":"https:\/\/www.georgium.at\/en\/wp-json\/wp\/v2\/types\/page"}],"author":[{"embeddable":true,"href":"https:\/\/www.georgium.at\/en\/wp-json\/wp\/v2\/users\/4"}],"replies":[{"embeddable":true,"href":"https:\/\/www.georgium.at\/en\/wp-json\/wp\/v2\/comments?post=1729"}],"version-history":[{"count":9,"href":"https:\/\/www.georgium.at\/en\/wp-json\/wp\/v2\/pages\/1729\/revisions"}],"predecessor-version":[{"id":2420,"href":"https:\/\/www.georgium.at\/en\/wp-json\/wp\/v2\/pages\/1729\/revisions\/2420"}],"wp:attachment":[{"href":"https:\/\/www.georgium.at\/en\/wp-json\/wp\/v2\/media?parent=1729"}],"curies":[{"name":"wp","href":"https:\/\/api.w.org\/{rel}","templated":true}]}}