{"id":1708,"date":"2023-12-01T07:24:18","date_gmt":"2023-12-01T07:24:18","guid":{"rendered":"https:\/\/www.georgium.at\/?page_id=1708"},"modified":"2024-03-28T11:52:05","modified_gmt":"2024-03-28T10:52:05","slug":"maintenance","status":"publish","type":"page","link":"https:\/\/www.georgium.at\/en\/maintenance\/","title":{"rendered":"Maintenance"},"content":{"rendered":"<section class=\"bde-section-1708-100 bde-section pd_hero\">\n              \n  \n\t\n\n  <div class=\"section-background-overlay\"><\/div>\n\n\n<div class=\"section-container\"><div class=\"bde-image-1708-104 bde-image\">\n  \n\n\n\n\n\n<figure class=\"breakdance-image breakdance-image--2010\">\n\t<div class=\"breakdance-image-container\">\n\t\t<div class=\"breakdance-image-clip\">\n\t\t\t\n\t\t\t\t\n\t\t\t\t\t      \n  \n  \n  \n  \n      \n      <img loading=\"lazy\" decoding=\"async\"\n      class=\"breakdance-image-object\"\n      src=\"https:\/\/www.georgium.at\/media\/georgium-logo.svg\"\n      width=\"170\"\n      height=\"190\"\n      \n      \n                                                                  >\n  \n\n\t\t\t\t\t\n\t\t\t\t\t\t<\/div>\n\t<\/div>\n\n\t<\/figure>\n\n<\/div><h1 class=\"bde-heading-1708-102 bde-heading\">\nUnder construction\n<\/h1><\/div>\n<\/section><section class=\"bde-section-1708-106 bde-section pd_footer\">\n  \n\t\n\n\n\n<div class=\"section-container\"><div class=\"bde-columns-1708-107 bde-columns\"><div class=\"bde-column-1708-108 bde-column\">\n  \n\t\n\n\n\n<h5 class=\"bde-heading-1708-109 bde-heading\">\nContact winery &amp;<br>Winegrower's room\n<\/h5><a class=\"bde-text-link-1708-110 bde-text-link breakdance-link\" href=\"https:\/\/www.google.at\/maps\/dir\/\/Weingut+Georgium,+L%C3%A4ngseestra%C3%9Fe+9,+9313+St.+Georgen+am+L%C3%A4ngsee\/@46.7883751,14.3069401,11.5z\/data=!4m8!4m7!1m0!1m5!1m1!1s0x47706b4c19d1d385:0xf774a69e3822f8ac!2m2!1d14.4197689!2d46.7843854?entry=ttu\" target=\"_blank\" data-type=\"url\">\n  WEINGUT GEORGIUM<br>L\u00e4ngseestra\u00dfe 9<br>9313 St. Georgen am L\u00e4ngsee, Austria\n\n<\/a><a class=\"bde-text-link-1708-111 bde-text-link breakdance-link\" href=\"mailto:office@georgium.at\" target=\"_self\" data-type=\"url\">\n  office@georgium.at\n\n<\/a><div class=\"bde-div-1708-112 bde-div\">\n  \n\t\n\n\n\n<div class=\"bde-text-1708-113 bde-text\">\nMarcus Gruze&nbsp;\n<\/div><a class=\"bde-text-link-1708-114 bde-text-link breakdance-link\" href=\"tel: 43 650 225 1234\" target=\"_self\" data-type=\"url\">\n  +43 650 225 1234\n\n<\/a>\n<\/div><div class=\"bde-div-1708-115 bde-div\">\n  \n\t\n\n\n\n<div class=\"bde-text-1708-116 bde-text\">\nUta Slamanig&nbsp;\n<\/div><a class=\"bde-text-link-1708-117 bde-text-link breakdance-link\" href=\"tel: 43 650 224 1234\" target=\"_self\" data-type=\"url\">\n  +43 650 224 1234\n\n<\/a>\n<\/div>\n<\/div><div class=\"bde-column-1708-118 bde-column pd_mitgliedschaften_col\">\n  \n\t\n\n\n\n<h5 class=\"bde-heading-1708-119 bde-heading\">\nOpening hours<br>\n<\/h5><div class=\"bde-image-1708-120 bde-image\">\n  \n\n\n\n\n\n<figure class=\"breakdance-image breakdance-image--2011\">\n\t<div class=\"breakdance-image-container\">\n\t\t<div class=\"breakdance-image-clip\">\n\t\t\t\t\t\t<a class=\"breakdance-image-link breakdance-image-link--url\" href=\"\/en\/dermundschenk\/\" target=\"_self\" rel=\"noopener\" data-sub-html=\"\" data-lg-size=\"-\">\n\t\t\t\t\n\t\t\t\t\n\t\t\t\t\t      \n  \n  \n  \n  \n      \n      <img loading=\"lazy\" decoding=\"async\"\n      class=\"breakdance-image-object\"\n      src=\"https:\/\/www.georgium.at\/media\/mundschenk-logo.svg\"\n      width=\"0\"\n      height=\"0\"\n      \n      \n                                                                  >\n  \n\n\t\t\t\t\t\n\t\t\t\t\t\t\t<\/a>\n\t\t\t\t\t<\/div>\n\t<\/div>\n\n\t<\/figure>\n\n<\/div><div class=\"bde-text-1708-121 bde-text\">\nMon, Thu, Fri 18.00 - 00.00<br>Sat, Sun 12.00 - 00.00\n<\/div><div class=\"bde-text-1708-122 bde-text\">\nReservations under\n<\/div><a class=\"bde-text-link-1708-123 bde-text-link breakdance-link\" href=\"tel: 43 664 922 65 90\" target=\"_self\" data-type=\"url\">\n  +43 664 922 65 90\n\n<\/a><a class=\"bde-text-link-1708-124 bde-text-link breakdance-link\" href=\"mailto:hallo@restaurant-dermundschenk.com\" target=\"_self\" data-type=\"url\">\n  hallo@restaurant-dermundschenk.com\n\n<\/a><a class=\"bde-text-link-1708-125 bde-text-link breakdance-link\" href=\"https:\/\/app.resmio.com\/der-mundschenk-am-weingut-georgium\/widget?backgroundColor=%23ffffff&amp;borderRadius=10&amp;color=%23555555&amp;commentsDisabled=false&amp;facebookLogin=false&amp;fontSize=14px&amp;height=460&amp;id=der-mundschenk-am-weingut-georgium&amp;linkBackgroundColor=%2307a7c4&amp;newsletterSignup=true&amp;showLogo=true&amp;style=&amp;width=330\" target=\"_blank\" data-type=\"url\">\n  Book online\n\n<\/a>\n<\/div><div class=\"bde-column-1708-126 bde-column pd_logo_col\">\n  \n\t\n\n\n\n<div class=\"bde-div-1708-127 bde-div\">\n  \n\t\n\n\n\n<div class=\"bde-image-1708-128 bde-image\">\n  \n\n\n\n\n\n<figure class=\"breakdance-image breakdance-image--2010\">\n\t<div class=\"breakdance-image-container\">\n\t\t<div class=\"breakdance-image-clip\">\n\t\t\t\t\t\t<a class=\"breakdance-image-link breakdance-image-link--url\" href=\"\/en\/\" target=\"_self\" rel=\"noopener\" data-sub-html=\"\" data-lg-size=\"-\">\n\t\t\t\t\n\t\t\t\t\n\t\t\t\t\t      \n  \n  \n  \n  \n      \n      <img loading=\"lazy\" decoding=\"async\"\n      class=\"breakdance-image-object\"\n      src=\"https:\/\/www.georgium.at\/media\/georgium-logo.svg\"\n      width=\"170\"\n      height=\"190\"\n      \n      \n                                                                  >\n  \n\n\t\t\t\t\t\n\t\t\t\t\t\t\t<\/a>\n\t\t\t\t\t<\/div>\n\t<\/div>\n\n\t<\/figure>\n\n<\/div>\n<\/div><div class=\"bde-social-icons-1708-129 bde-social-icons\">\n  \n            \n            \n            \n\n    \n    \n    \n    \n    <a class=\"breakdance-link bde-social-icons__icon-wrapper bde-social-icons__icon-instagram\" href=\"https:\/\/www.instagram.com\/weingutgeorgium\/\" target=\"_blank\" data-type=\"url\"  >\n\n    <!--a href=\"\" class=\"bde-social-icons__icon-wrapper bde-social-icons__icon-instagram\" -->\n             <svg xmlns=\"http:\/\/www.w3.org\/2000\/svg\" width=\"100%\" viewbox=\"0 0 24 24\">\n            <path d=\"M12 2.163c3.204 0 3.584.012 4.85.07 3.252.148 4.771 1.691 4.919 4.919.058 1.265.069 1.645.069 4.849 0 3.205-.012 3.584-.069 4.849-.149 3.225-1.664 4.771-4.919 4.919-1.266.058-1.644.07-4.85.07-3.204 0-3.584-.012-4.849-.07-3.26-.149-4.771-1.699-4.919-4.92-.058-1.265-.07-1.644-.07-4.849 0-3.204.013-3.583.07-4.849.149-3.227 1.664-4.771 4.919-4.919 1.266-.057 1.645-.069 4.849-.069zm0-2.163c-3.259 0-3.667.014-4.947.072-4.358.2-6.78 2.618-6.98 6.98-.059 1.281-.073 1.689-.073 4.948 0 3.259.014 3.668.072 4.948.2 4.358 2.618 6.78 6.98 6.98 1.281.058 1.689.072 4.948.072 3.259 0 3.668-.014 4.948-.072 4.354-.2 6.782-2.618 6.979-6.98.059-1.28.073-1.689.073-4.948 0-3.259-.014-3.667-.072-4.947-.196-4.354-2.617-6.78-6.979-6.98-1.281-.059-1.69-.073-4.949-.073zm0 5.838c-3.403 0-6.162 2.759-6.162 6.162s2.759 6.163 6.162 6.163 6.162-2.759 6.162-6.163c0-3.403-2.759-6.162-6.162-6.162zm0 10.162c-2.209 0-4-1.79-4-4 0-2.209 1.791-4 4-4s4 1.791 4 4c0 2.21-1.791 4-4 4zm6.406-11.845c-.796 0-1.441.645-1.441 1.44s.645 1.44 1.441 1.44c.795 0 1.439-.645 1.439-1.44s-.644-1.44-1.439-1.44z\"\/>\n       <\/svg>\n              <\/a>\n\n    \n            \n            \n            \n\n    \n    \n    \n    \n    <a class=\"breakdance-link bde-social-icons__icon-wrapper bde-social-icons__icon-facebook\" href=\"https:\/\/www.facebook.com\/pages\/Weingut-Georgium\/971455959646584\" target=\"_blank\" data-type=\"url\"  >\n\n    <!--a href=\"\" class=\"bde-social-icons__icon-wrapper bde-social-icons__icon-facebook\" -->\n             <svg xmlns=\"http:\/\/www.w3.org\/2000\/svg\" width=\"100%\" viewbox=\"0 0 24 24\">\n            <path d=\"M9 8h-3v4h3v12h5v-12h3.642l.358-4h-4v-1.667c0-.955.192-1.333 1.115-1.333h2.885v-5h-3.808c-3.596 0-5.192 1.583-5.192 4.615v3.385z\"\/>\n       <\/svg>\n              <\/a>\n\n    \n<\/div>\n<\/div><\/div><div class=\"bde-fancy-divider-1708-130 bde-fancy-divider\">\n\n\n<div class=\"bde-fancy-divider__wrapper\">\n  <div class=\"bde-fancy-divider__separator\">\n  \t  <\/div>\n<\/div>\n\n<\/div><div class=\"bde-div-1708-131 bde-div logo-bar\">\n  \n\t\n\n\n\n<div class=\"bde-image-1708-132 bde-image\">\n  \n\n\n\n\n\n<figure class=\"breakdance-image breakdance-image--2133\">\n\t<div class=\"breakdance-image-container\">\n\t\t<div class=\"breakdance-image-clip\">\n\t\t\t\t\t\t<a class=\"breakdance-image-link breakdance-image-link--url\" href=\"https:\/\/www.bahnhofshuttlekaernten.at\/\" target=\"_blank\" rel=\"noopener\" data-sub-html=\"\" data-lg-size=\"-\">\n\t\t\t\t\n\t\t\t\t\n\t\t\t\t\t      \n  \n  \n  \n  \n      \n      <img loading=\"lazy\" decoding=\"async\"\n      class=\"breakdance-image-object\"\n      src=\"https:\/\/www.georgium.at\/media\/Bahnhofshuttle.png\"\n      width=\"107\"\n      height=\"78\"\n      \n      \n                                    srcset=\"https:\/\/www.georgium.at\/media\/Bahnhofshuttle.png 107w, https:\/\/www.georgium.at\/media\/Bahnhofshuttle-16x12.png 16w\"\n                                                                      >\n  \n\n\t\t\t\t\t\n\t\t\t\t\t\t\t<\/a>\n\t\t\t\t\t<\/div>\n\t<\/div>\n\n\t<\/figure>\n\n<\/div><div class=\"bde-image-1708-133 bde-image\">\n  \n\n\n\n\n\n<figure class=\"breakdance-image breakdance-image--2134\">\n\t<div class=\"breakdance-image-container\">\n\t\t<div class=\"breakdance-image-clip\">\n\t\t\t\t\t\t<a class=\"breakdance-image-link breakdance-image-link--url\" href=\"https:\/\/www.mittelkaernten.at\/\" target=\"_blank\" rel=\"noopener\" data-sub-html=\"\" data-lg-size=\"-\">\n\t\t\t\t\n\t\t\t\t\n\t\t\t\t\t      \n  \n  \n  \n  \n      \n      <img loading=\"lazy\" decoding=\"async\"\n      class=\"breakdance-image-object\"\n      src=\"https:\/\/www.georgium.at\/media\/logo_mittelkaernten.png\"\n      width=\"493\"\n      height=\"356\"\n      \n      \n                                    srcset=\"https:\/\/www.georgium.at\/media\/logo_mittelkaernten.png 493w, https:\/\/www.georgium.at\/media\/logo_mittelkaernten-18x12.png 18w\"\n                                                                      >\n  \n\n\t\t\t\t\t\n\t\t\t\t\t\t\t<\/a>\n\t\t\t\t\t<\/div>\n\t<\/div>\n\n\t<\/figure>\n\n<\/div><div class=\"bde-image-1708-134 bde-image\">\n  \n\n\n\n\n\n<figure class=\"breakdance-image breakdance-image--2135\">\n\t<div class=\"breakdance-image-container\">\n\t\t<div class=\"breakdance-image-clip\">\n\t\t\t\t\t\t<a class=\"breakdance-image-link breakdance-image-link--url\" href=\"https:\/\/www.kaernten.at\/qualitaet\/\" target=\"_blank\" rel=\"noopener\" data-sub-html=\"\" data-lg-size=\"-\">\n\t\t\t\t\n\t\t\t\t\n\t\t\t\t\t      \n  \n  \n  \n  \n      \n      <img loading=\"lazy\" decoding=\"async\"\n      class=\"breakdance-image-object\"\n      src=\"https:\/\/www.georgium.at\/media\/qualitaet_kaernten.png\"\n      width=\"400\"\n      height=\"326\"\n      \n      \n                                    srcset=\"https:\/\/www.georgium.at\/media\/qualitaet_kaernten.png 400w, https:\/\/www.georgium.at\/media\/qualitaet_kaernten-15x12.png 15w\"\n                                                                      >\n  \n\n\t\t\t\t\t\n\t\t\t\t\t\t\t<\/a>\n\t\t\t\t\t<\/div>\n\t<\/div>\n\n\t<\/figure>\n\n<\/div><div class=\"bde-image-1708-135 bde-image\">\n  \n\n\n\n\n\n<figure class=\"breakdance-image breakdance-image--2136\">\n\t<div class=\"breakdance-image-container\">\n\t\t<div class=\"breakdance-image-clip\">\n\t\t\t\t\t\t<a class=\"breakdance-image-link breakdance-image-link--url\" href=\"https:\/\/www.urlaubambauernhof.at\/de\/hoefe\/weingut-georgium\" target=\"_blank\" rel=\"noopener\" data-sub-html=\"\" data-lg-size=\"-\">\n\t\t\t\t\n\t\t\t\t\n\t\t\t\t\t      \n  \n  \n  \n  \n      \n      <img loading=\"lazy\" decoding=\"async\"\n      class=\"breakdance-image-object\"\n      src=\"https:\/\/www.georgium.at\/media\/UaB-Logo_Internet-rgb_.png\"\n      width=\"535\"\n      height=\"198\"\n      \n      \n                                    srcset=\"https:\/\/www.georgium.at\/media\/UaB-Logo_Internet-rgb_.png 535w, https:\/\/www.georgium.at\/media\/UaB-Logo_Internet-rgb_-18x7.png 18w\"\n                                                                      >\n  \n\n\t\t\t\t\t\n\t\t\t\t\t\t\t<\/a>\n\t\t\t\t\t<\/div>\n\t<\/div>\n\n\t<\/figure>\n\n<\/div>\n<\/div><div class=\"bde-columns-1708-136 bde-columns\"><div class=\"bde-column-1708-137 bde-column\">\n  \n\t\n\n\n\n<div class=\"bde-text-1708-138 bde-text\">\n\u00a9 georgium.at\n<\/div>\n<\/div><\/div><\/div>\n<\/section>","protected":false},"excerpt":{"rendered":"<p>Under construction Contact Winery &amp;Winzerzimmer WEINGUT GEORGIUML\u00e4ngseestra\u00dfe 99313 St. Georgen am L\u00e4ngsee, Austria office@georgium.at Marcus Gruze +43 650 225 1234 Uta Slamanig +43 650 224 1234 Opening hours Mon, Thu, Fri 18.00 - 00.00Sat, Sun 12.00 - 00.00 Reservations at +43 664 922 65 90 hallo@restaurant-dermundschenk.com Book online \u00a9 georgium.at<\/p>","protected":false},"author":4,"featured_media":0,"parent":0,"menu_order":0,"comment_status":"closed","ping_status":"closed","template":"","meta":{"_acf_changed":false,"inline_featured_image":false,"_breakdance_hide_in_design_set":false,"_breakdance_tags":"","footnotes":""},"class_list":["post-1708","page","type-page","status-publish","hentry"],"acf":[],"yoast_head":"<!-- This site is optimized with the Yoast SEO plugin v22.3 - https:\/\/yoast.com\/wordpress\/plugins\/seo\/ -->\n<title>Maintenance - GEORGIUM<\/title>\n<meta name=\"robots\" content=\"index, follow, max-snippet:-1, max-image-preview:large, max-video-preview:-1\" \/>\n<link rel=\"canonical\" href=\"https:\/\/www.georgium.at\/en\/maintenance\/\" \/>\n<meta property=\"og:locale\" content=\"en_GB\" \/>\n<meta property=\"og:type\" content=\"article\" \/>\n<meta property=\"og:title\" content=\"Maintenance - GEORGIUM\" \/>\n<meta property=\"og:description\" content=\"Under construction Kontakt Weingut &amp;Winzerzimmer WEINGUT GEORGIUML\u00e4ngseestra\u00dfe 99313 St. Georgen am L\u00e4ngsee, \u00d6sterreich office@georgium.at Marcus Gruze&nbsp; +43 650 225 1234 Uta Slamanig&nbsp; +43 650 224 1234 \u00d6ffnungszeiten Mo, Do, Fr 18.00 - 00.00Sa, So 12.00 - 00.00 Reservierungen unter +43 664 922 65 90 hallo@restaurant-dermundschenk.com Online reservieren \u00a9 georgium.at\" \/>\n<meta property=\"og:url\" content=\"https:\/\/www.georgium.at\/en\/maintenance\/\" \/>\n<meta property=\"og:site_name\" content=\"GEORGIUM\" \/>\n<meta property=\"article:modified_time\" content=\"2024-03-28T10:52:05+00:00\" \/>\n<meta property=\"og:image\" content=\"https:\/\/www.georgium.at\/media\/website.webp\" \/>\n\t<meta property=\"og:image:width\" content=\"1200\" \/>\n\t<meta property=\"og:image:height\" content=\"675\" \/>\n\t<meta property=\"og:image:type\" content=\"image\/webp\" \/>\n<meta name=\"twitter:card\" content=\"summary_large_image\" \/>\n<script type=\"application\/ld+json\" class=\"yoast-schema-graph\">{\"@context\":\"https:\/\/schema.org\",\"@graph\":[{\"@type\":\"WebPage\",\"@id\":\"https:\/\/www.georgium.at\/maintenance\/\",\"url\":\"https:\/\/www.georgium.at\/maintenance\/\",\"name\":\"Maintenance - GEORGIUM\",\"isPartOf\":{\"@id\":\"https:\/\/www.georgium.at\/#website\"},\"datePublished\":\"2023-12-01T07:24:18+00:00\",\"dateModified\":\"2024-03-28T10:52:05+00:00\",\"breadcrumb\":{\"@id\":\"https:\/\/www.georgium.at\/maintenance\/#breadcrumb\"},\"inLanguage\":\"en-GB\",\"potentialAction\":[{\"@type\":\"ReadAction\",\"target\":[\"https:\/\/www.georgium.at\/maintenance\/\"]}]},{\"@type\":\"BreadcrumbList\",\"@id\":\"https:\/\/www.georgium.at\/maintenance\/#breadcrumb\",\"itemListElement\":[{\"@type\":\"ListItem\",\"position\":1,\"name\":\"Home\",\"item\":\"https:\/\/www.georgium.at\/\"},{\"@type\":\"ListItem\",\"position\":2,\"name\":\"Maintenance\"}]},{\"@type\":\"WebSite\",\"@id\":\"https:\/\/www.georgium.at\/#website\",\"url\":\"https:\/\/www.georgium.at\/\",\"name\":\"GEORGIUM\",\"description\":\"Pinot vom L\u00e4ngsee\",\"publisher\":{\"@id\":\"https:\/\/www.georgium.at\/#organization\"},\"potentialAction\":[{\"@type\":\"SearchAction\",\"target\":{\"@type\":\"EntryPoint\",\"urlTemplate\":\"https:\/\/www.georgium.at\/?s={search_term_string}\"},\"query-input\":\"required name=search_term_string\"}],\"inLanguage\":\"en-GB\"},{\"@type\":\"Organization\",\"@id\":\"https:\/\/www.georgium.at\/#organization\",\"name\":\"GEORGIUM\",\"url\":\"https:\/\/www.georgium.at\/\",\"logo\":{\"@type\":\"ImageObject\",\"inLanguage\":\"en-GB\",\"@id\":\"https:\/\/www.georgium.at\/#\/schema\/logo\/image\/\",\"url\":\"https:\/\/www.georgium.at\/media\/georgium-org-logo.svg\",\"contentUrl\":\"https:\/\/www.georgium.at\/media\/georgium-org-logo.svg\",\"width\":696,\"height\":696,\"caption\":\"GEORGIUM\"},\"image\":{\"@id\":\"https:\/\/www.georgium.at\/#\/schema\/logo\/image\/\"}}]}<\/script>\n<!-- \/ Yoast SEO plugin. -->","yoast_head_json":{"title":"Maintenance - GEORGIUM","robots":{"index":"index","follow":"follow","max-snippet":"max-snippet:-1","max-image-preview":"max-image-preview:large","max-video-preview":"max-video-preview:-1"},"canonical":"https:\/\/www.georgium.at\/en\/maintenance\/","og_locale":"en_GB","og_type":"article","og_title":"Maintenance - GEORGIUM","og_description":"Under construction Kontakt Weingut &Winzerzimmer WEINGUT GEORGIUML\u00e4ngseestra\u00dfe 99313 St. Georgen am L\u00e4ngsee, \u00d6sterreich office@georgium.at Marcus Gruze&nbsp; +43 650 225 1234 Uta Slamanig&nbsp; +43 650 224 1234 \u00d6ffnungszeiten Mo, Do, Fr 18.00 - 00.00Sa, So 12.00 - 00.00 Reservierungen unter +43 664 922 65 90 hallo@restaurant-dermundschenk.com Online reservieren \u00a9 georgium.at","og_url":"https:\/\/www.georgium.at\/en\/maintenance\/","og_site_name":"GEORGIUM","article_modified_time":"2024-03-28T10:52:05+00:00","og_image":[{"width":1200,"height":675,"url":"https:\/\/www.georgium.at\/media\/website.webp","type":"image\/webp"}],"twitter_card":"summary_large_image","schema":{"@context":"https:\/\/schema.org","@graph":[{"@type":"WebPage","@id":"https:\/\/www.georgium.at\/maintenance\/","url":"https:\/\/www.georgium.at\/maintenance\/","name":"Maintenance - GEORGIUM","isPartOf":{"@id":"https:\/\/www.georgium.at\/#website"},"datePublished":"2023-12-01T07:24:18+00:00","dateModified":"2024-03-28T10:52:05+00:00","breadcrumb":{"@id":"https:\/\/www.georgium.at\/maintenance\/#breadcrumb"},"inLanguage":"en-GB","potentialAction":[{"@type":"ReadAction","target":["https:\/\/www.georgium.at\/maintenance\/"]}]},{"@type":"BreadcrumbList","@id":"https:\/\/www.georgium.at\/maintenance\/#breadcrumb","itemListElement":[{"@type":"ListItem","position":1,"name":"Home","item":"https:\/\/www.georgium.at\/"},{"@type":"ListItem","position":2,"name":"Maintenance"}]},{"@type":"WebSite","@id":"https:\/\/www.georgium.at\/#website","url":"https:\/\/www.georgium.at\/","name":"GEORGIUM","description":"Pinot vom L\u00e4ngsee","publisher":{"@id":"https:\/\/www.georgium.at\/#organization"},"potentialAction":[{"@type":"SearchAction","target":{"@type":"EntryPoint","urlTemplate":"https:\/\/www.georgium.at\/?s={search_term_string}"},"query-input":"required name=search_term_string"}],"inLanguage":"en-GB"},{"@type":"Organization","@id":"https:\/\/www.georgium.at\/#organization","name":"GEORGIUM","url":"https:\/\/www.georgium.at\/","logo":{"@type":"ImageObject","inLanguage":"en-GB","@id":"https:\/\/www.georgium.at\/#\/schema\/logo\/image\/","url":"https:\/\/www.georgium.at\/media\/georgium-org-logo.svg","contentUrl":"https:\/\/www.georgium.at\/media\/georgium-org-logo.svg","width":696,"height":696,"caption":"GEORGIUM"},"image":{"@id":"https:\/\/www.georgium.at\/#\/schema\/logo\/image\/"}}]}},"_links":{"self":[{"href":"https:\/\/www.georgium.at\/en\/wp-json\/wp\/v2\/pages\/1708","targetHints":{"allow":["GET"]}}],"collection":[{"href":"https:\/\/www.georgium.at\/en\/wp-json\/wp\/v2\/pages"}],"about":[{"href":"https:\/\/www.georgium.at\/en\/wp-json\/wp\/v2\/types\/page"}],"author":[{"embeddable":true,"href":"https:\/\/www.georgium.at\/en\/wp-json\/wp\/v2\/users\/4"}],"replies":[{"embeddable":true,"href":"https:\/\/www.georgium.at\/en\/wp-json\/wp\/v2\/comments?post=1708"}],"version-history":[{"count":4,"href":"https:\/\/www.georgium.at\/en\/wp-json\/wp\/v2\/pages\/1708\/revisions"}],"predecessor-version":[{"id":2315,"href":"https:\/\/www.georgium.at\/en\/wp-json\/wp\/v2\/pages\/1708\/revisions\/2315"}],"wp:attachment":[{"href":"https:\/\/www.georgium.at\/en\/wp-json\/wp\/v2\/media?parent=1708"}],"curies":[{"name":"wp","href":"https:\/\/api.w.org\/{rel}","templated":true}]}}